{"id":230,"date":"2019-09-02T11:30:42","date_gmt":"2019-09-02T09:30:42","guid":{"rendered":"https:\/\/www.joachimpierer.at\/datenschutzerklaerung\/"},"modified":"2019-09-10T13:38:23","modified_gmt":"2019-09-10T11:38:23","slug":"datenschutzerklaerung","status":"publish","type":"page","link":"https:\/\/www.joachimpierer.at\/en\/datenschutzerklaerung\/","title":{"rendered":"Datenschutzerkl\u00e4rung"},"content":{"rendered":"<p><div class=\"fusion-fullwidth fullwidth-box fusion-builder-row-1 nonhundred-percent-fullwidth non-hundred-percent-height-scrolling\" style=\"--awb-border-radius-top-left:0px;--awb-border-radius-top-right:0px;--awb-border-radius-bottom-right:0px;--awb-border-radius-bottom-left:0px;--awb-flex-wrap:wrap;\" ><div class=\"fusion-builder-row fusion-row\"><div class=\"fusion-layout-column fusion_builder_column fusion-builder-column-0 fusion_builder_column_1_1 1_1 fusion-one-full fusion-column-first fusion-column-last\" style=\"--awb-bg-size:cover;\"><div class=\"fusion-column-wrapper fusion-column-has-shadow fusion-flex-column-wrapper-legacy\"><div class=\"fusion-text fusion-text-1\"><h1 style=\"text-align: center;\">DATENSCHUTZ- &amp; DATENVERWENDUNGSRICHTLINIE<\/h1>\n<\/div><div class=\"fusion-text fusion-text-2\"><p><strong>(German)<\/strong><\/p>\n<p>Der Schutz Ihrer pers\u00f6nlichen Daten ist uns ein besonderes Anliegen. Wir verarbeiten Ihre Daten daher ausschlie\u00dflich auf Grundlage der gesetzlichen Bestimmungen (DSGVO, TKG 2003). In diesen Datenschutzinformationen informieren wir Sie \u00fcber die wichtigsten Aspekte der Datenverarbeitung im Rahmen unserer Website.<\/p>\n<p><strong>Kontakt mit uns<\/strong><\/p>\n<p>Wenn Sie per Formular auf der Website oder per E-Mail Kontakt mit uns aufnehmen, werden Ihre angegebenen Daten zwecks Bearbeitung der Anfrage und f\u00fcr den Fall von Anschlussfragen in unserer Kundendatenbank gespeichert. Die Daten werden solange gespeichert, wie sie f\u00fcr die Bearbeitung Ihrer Anfrage bzw. zur Vertragserf\u00fcllung ben\u00f6tigt werden oder solange wir sie aus berechtigtem Interesse f\u00fcr unsere Zwecke ben\u00f6tigen. Diese Daten geben wir nicht ohne Ihre Einwilligung weiter.<\/p>\n<p>Die Datenverarbeitung erfolgt auf Basis der gesetzlichen Bestimmungen des \u00a7 96 Abs 3 TKG sowie des Art 6 Abs 1 lit a (Einwilligung) und\/oder f\u00fcr (berechtigtes Interesse) der DSGVO.<\/p>\n<h2 id=\"verwendung-von-google-adwords\">Verwendung von Google AdWords<\/h2>\n<div class=\"google-adwords\">\n<p>Wir nutzen auf unserer Webseite mit Google AdWords ein Online-Werbeprogramm der Google Inc. Dabei wird auch das Conversion-Tracking eingesetzt. Mit diesem Tool setzt Google AdWords ein Cookie auf Ihrem PC, wenn Sie \u00fcber eine Google-Werbeanzeige auf unsere Webseite kommen. Das Cookie hat nach 30 Tagen keine G\u00fcltigkeit mehr. Es dient keiner pers\u00f6nlichen R\u00fcckverfolgbarkeit. Besuchen Sie als Nutzer unsere Webseite und das Cookie arbeitet noch, wird f\u00fcr uns gemeinsam mit Google erkennbar, dass Sie auf die entsprechende Anzeige geklickt haben und zu unserer Seite weitergeleitet wurden. Dabei wird jedem Google AdWords-Kunden ein anderes Cookie zugewiesen. Cookies sind so nicht \u00fcber die Webseiten der AdWords-Kunden nachverfolgbar. Mit den durch Conversion-Cookies eingeholten Daten werden Conversion-Statistiken f\u00fcr AdWords-Kunden erstellt. Wir als Kunden erfahren so die Gesamtanzahl der Nutzer, die auf unsere Anzeige reagiert haben und dann zu einer Webseite durchgeleitet wurden, die mit einem Conversion-Tracking-Tag versehen wurde. Wir erhalten bei diesem Vorgang keine Informationen, mit denen wir Sie als Nutzer pers\u00f6nlich identifizieren k\u00f6nnten. Sollten Sie das Tracking-Verfahren ablehnen, l\u00e4sst sich das Cookie des Google-Conversion-Trackings \u00fcber Ihren Internet-Browser deaktivieren. Nutzen Sie gegebenenfalls die Hilfe-Funktion des Browsers f\u00fcr weitere Informationen. N\u00e4heres zu den Datenschutzbestimmungen von Google erfahren Sie unter <a href=\"http:\/\/www.google.de\/policies\/privacy\/\" target=\"_blank\" rel=\"noopener noreferrer\">http:\/\/www.google.de\/policies\/privacy\/<\/a>.<\/p>\n<div class=\"google-analytics-remarketing\">\n<h2 id=\"google-analytics-remarketing\">Google Analytics Remarketing<\/h2>\n<p>Wir setzen auf unserer Webseite die Remarketing-Funktion der Google Inc. ein. Mit dieser Funktion pr\u00e4sentieren wir gemeinsam mit Google unseren Besuchern angepasste und interessenbezogene Werbeanzeigen. Dabei werden auf Ihrem Rechner Cookies gesetzt. Das sind Textdateien, die Nutzers beim Aufruf von Seiten wiedererkennen und so eine interessengerechte Werbung im gesamten Google-Netzwerk m\u00f6glich machen. Google verneint in diesem Zusammenhang die Erhebung von personenbezogenen Daten und stellt nach eigenen Angaben auch keine Verbindungen zu anderen Google-Services her. Sie k\u00f6nnen die Remarketing-Funktion von Google unterbinden, indem Sie entsprechende Einstellungen unter <a href=\"http:\/\/www.google.com\/settings\/ads\" target=\"_blank\" rel=\"noopener noreferrer\">http:\/\/www.google.com\/settings\/ads<\/a> durchf\u00fchren. Weiterhin l\u00e4sst sich der Einsatz von Cookies \u00fcber <a href=\"http:\/\/www.networkadvertising.org\/managing\/opt_out.asp\" target=\"_blank\" rel=\"noopener noreferrer\">http:\/\/www.networkadvertising.org\/managing\/opt_out.asp<\/a> oder durch ge\u00e4nderte Einstellungen in Ihrem Browser deaktivieren. Nutzen Sie gegebenenfalls dessen Hilfe-Funktion. N\u00e4heres zum Google Remarketing und der allgemeinen Datenschutzerkl\u00e4rung von Google erfahren Sie unter: <a href=\"http:\/\/www.google.com\/privacy\/ads\/\" target=\"_blank\" rel=\"noopener noreferrer\">http:\/\/www.google.com\/privacy\/ads\/<\/a>.<\/p>\n<\/div>\n<\/div>\n<p><strong>Web-Analyse<\/strong><\/p>\n<p>Diese Website benutzt Google Analytics, einen Webanalysedienst der Google Inc., 1600 Amphitheatre Parkway, Mountain View, CA 94043, USA (\u201eGoogle\u201c). Google Analytics verwendet sog. \u201eCookies\u201c, Textdateien, die auf Ihrem Computer gespeichert werden und die eine Analyse der Benutzung der Website durch Sie erm\u00f6glichen. Die durch das Cookie erzeugten Informationen \u00fcber Ihre Benutzung dieser Website werden in der Regel an einen Server von Google in den USA \u00fcbertragen und dort gespeichert. Nur in Ausnahmef\u00e4llen wird die volle IP Adresse an einen Server von Google in den USA \u00fcbertragen und dort gek\u00fcrzt. Im Auftrag des Betreibers dieser Website wird Google diese Informationen benutzen, um Ihre Nutzung der Website auszuwerten, um Reports \u00fcber die Websiteaktivit\u00e4ten zusammenzustellen und um weitere mit der Websitenutzung und der Internetnutzung verbundene Dienstleistungen gegen\u00fcber dem Websitebetreiber zu erbringen. Die im Rahmen von Google Analytics von Ihrem Browser \u00fcbermittelte IP-Adresse wird nicht mit anderen Daten von Google zusammengef\u00fchrt. Sie k\u00f6nnen die Speicherung der Cookies durch eine entsprechende Einstellung Ihrer Browser Software verhindern; wir weisen Sie jedoch darauf hin, dass Sie in diesem Fall gegebenenfalls nicht s\u00e4mtliche Funktionen dieser Website vollumf\u00e4nglich werden nutzen k\u00f6nnen. Sie k\u00f6nnen dar\u00fcber hinaus die Erfassung der durch das Cookie erzeugten und auf Ihre Nutzung der Website bezogenen Daten (inkl. Ihrer IP-Adresse) an Google sowie die Verarbeitung dieser Daten durch Google verhindern, indem sie das unter dem folgenden Link verf\u00fcgbare Browser Plugin herunterladen und installieren:\u00a0<a href=\"http:\/\/tools.google.com\/dlpage\/gaoptout?hl=de\" target=\"_blank\" rel=\"noopener noreferrer\">http:\/\/tools.google.com\/dlpage\/gaoptout?hl=de<\/a>.<\/p>\n<p>Weiterf\u00fchrende Informationen zum Datenschutz in Zusammenhang mit Google Analytics und Ihre diesbez\u00fcglichen M\u00f6glichkeiten finden Sie unter\u00a0<a href=\"https:\/\/www.google.at\/intl\/de_ALL\/analytics\/learn\/privacy.html\" target=\"_blank\" rel=\"noopener noreferrer\">https:\/\/www.google.at\/intl\/de_ALL\/analytics\/learn\/privacy.html<\/a>.<\/p>\n<p>Ihre IP-Adresse wird erfasst, aber umgehend anonymisiert, indem die letzten Stellen der IP Adresse gek\u00fcrzt werden. Dadurch ist nur mehr eine grobe Lokalisierung m\u00f6glich.<\/p>\n<p>Die Beziehung zum Webanalyseanbieter basiert auf dem \u201eUSA Privacy Shield.\u201c<\/p>\n<p>Die Datenverarbeitung erfolgt auf Basis der gesetzlichen Bestimmungen des \u00a7 96 Abs 3 TKG sowie des Art 6 Abs 1 lit a (Einwilligung) und\/oder f\u00fcr (berechtigtes Interesse) der DSGVO.<\/p>\n<p>Unser Anliegen im Sinne der DSGVO (berechtigtes Interesse) ist die Verbesserung unseres Angebotes und unseres Webauftritts. Da uns die Privatsph\u00e4re unserer Nutzer wichtig ist, werden die Nutzerdaten pseudonymisiert.<\/p>\n<p><strong>Ihre Rechte<\/strong><\/p>\n<p>Ihnen stehen grunds\u00e4tzlich die Rechte auf Auskunft, Berichtigung, L\u00f6schung, Einschr\u00e4nkung, Daten\u00fcbertragbarkeit, Widerruf und Widerspruch zu. Wenn Sie glauben, dass die Verarbeitung Ihrer Daten gegen das Datenschutzrecht verst\u00f6\u00dft oder Ihre datenschutzrechtlichen Anspr\u00fcche sonst in einer Weise verletzt worden sind, k\u00f6nnen Sie sich bei der Aufsichtsbeh\u00f6rde beschweren. In \u00d6sterreich ist dies die Datenschutzbeh\u00f6rde.<\/p>\n<p><strong>Sie erreichen uns unter folgenden Kontaktdaten<\/strong>:<\/p>\n<p>Dr. Joachim Pierer<br \/>\nTel.: 01-4277-34846<br \/>\n<a href=\"mailto:joachim.pierer@univie.ac.at\">joachim.pierer@univie.ac.at<\/a><\/p>\n<div class=\"fusion-text\"><\/div>\n<div class=\"fusion-builder-row fusion-builder-row-inner fusion-row \">\n<div class=\"fusion-layout-column fusion_builder_column fusion_builder_column_1_3 fusion-one-third fusion-column-first 1_3\">\n<div class=\"fusion-column-wrapper\" data-bg-url=\"\">\n<div class=\"fusion-text\"><\/div>\n<\/div>\n<\/div>\n<\/div>\n<p>Stand: September 2019<\/p>\n<\/div><div class=\"fusion-clearfix\"><\/div><\/div><\/div><\/div><\/div><div class=\"fusion-fullwidth fullwidth-box fusion-builder-row-2 hundred-percent-fullwidth non-hundred-percent-height-scrolling footer\" style=\"--awb-border-radius-top-left:0px;--awb-border-radius-top-right:0px;--awb-border-radius-bottom-right:0px;--awb-border-radius-bottom-left:0px;--awb-padding-top:20px;--awb-margin-top:0px;--awb-margin-bottom:0px;--awb-background-color:#333333;--awb-flex-wrap:wrap;\" ><div class=\"fusion-builder-row fusion-row\"><div class=\"fusion-layout-column fusion_builder_column fusion-builder-column-1 fusion_builder_column_1_1 1_1 fusion-one-full fusion-column-first fusion-column-last\" style=\"--awb-bg-blend:overlay;--awb-bg-size:cover;--awb-margin-bottom:0px;\"><div class=\"fusion-column-wrapper fusion-column-has-shadow fusion-flex-column-wrapper-legacy\"><div class=\"fusion-text fusion-text-3 white\"><p style=\"text-align: center;\"><a href=\"\/?page_id=16\">Kontakt<\/a> | <a href=\"\/?page_id=138\">Impressum<\/a> | <a href=\"\/?page_id=3\">Datenschutz<\/a><\/p>\n<\/div><div class=\"fusion-clearfix\"><\/div><\/div><\/div><\/div><\/div>\n<\/p>\n","protected":false},"excerpt":{"rendered":"","protected":false},"author":1,"featured_media":0,"parent":0,"menu_order":0,"comment_status":"closed","ping_status":"open","template":"100-width.php","meta":{"footnotes":""},"class_list":["post-230","page","type-page","status-publish","hentry"],"yoast_head":"<!-- This site is optimized with the Yoast SEO plugin v27.4 - https:\/\/yoast.com\/product\/yoast-seo-wordpress\/ -->\n<title>Datenschutzerkl\u00e4rung - Joachim Pierer<\/title>\n<meta name=\"robots\" content=\"index, follow, max-snippet:-1, max-image-preview:large, max-video-preview:-1\" \/>\n<link rel=\"canonical\" href=\"https:\/\/www.joachimpierer.at\/en\/datenschutzerklaerung\/\" \/>\n<meta property=\"og:locale\" content=\"en_US\" \/>\n<meta property=\"og:type\" content=\"article\" \/>\n<meta property=\"og:title\" content=\"Datenschutzerkl\u00e4rung - Joachim Pierer\" \/>\n<meta property=\"og:url\" content=\"https:\/\/www.joachimpierer.at\/en\/datenschutzerklaerung\/\" \/>\n<meta property=\"og:site_name\" content=\"Joachim Pierer\" \/>\n<meta property=\"article:modified_time\" content=\"2019-09-10T11:38:23+00:00\" \/>\n<meta name=\"twitter:card\" content=\"summary_large_image\" \/>\n<meta name=\"twitter:label1\" content=\"Est. reading time\" \/>\n\t<meta name=\"twitter:data1\" content=\"6 minutes\" \/>\n<script type=\"application\/ld+json\" class=\"yoast-schema-graph\">{\"@context\":\"https:\\\/\\\/schema.org\",\"@graph\":[{\"@type\":\"WebPage\",\"@id\":\"https:\\\/\\\/www.joachimpierer.at\\\/en\\\/datenschutzerklaerung\\\/\",\"url\":\"https:\\\/\\\/www.joachimpierer.at\\\/en\\\/datenschutzerklaerung\\\/\",\"name\":\"Datenschutzerkl\u00e4rung - Joachim Pierer\",\"isPartOf\":{\"@id\":\"https:\\\/\\\/www.joachimpierer.at\\\/en\\\/#website\"},\"datePublished\":\"2019-09-02T09:30:42+00:00\",\"dateModified\":\"2019-09-10T11:38:23+00:00\",\"breadcrumb\":{\"@id\":\"https:\\\/\\\/www.joachimpierer.at\\\/en\\\/datenschutzerklaerung\\\/#breadcrumb\"},\"inLanguage\":\"en-US\",\"potentialAction\":[{\"@type\":\"ReadAction\",\"target\":[\"https:\\\/\\\/www.joachimpierer.at\\\/en\\\/datenschutzerklaerung\\\/\"]}]},{\"@type\":\"BreadcrumbList\",\"@id\":\"https:\\\/\\\/www.joachimpierer.at\\\/en\\\/datenschutzerklaerung\\\/#breadcrumb\",\"itemListElement\":[{\"@type\":\"ListItem\",\"position\":1,\"name\":\"Startseite\",\"item\":\"https:\\\/\\\/www.joachimpierer.at\\\/en\\\/\"},{\"@type\":\"ListItem\",\"position\":2,\"name\":\"Datenschutzerkl\u00e4rung\"}]},{\"@type\":\"WebSite\",\"@id\":\"https:\\\/\\\/www.joachimpierer.at\\\/en\\\/#website\",\"url\":\"https:\\\/\\\/www.joachimpierer.at\\\/en\\\/\",\"name\":\"Joachim Pierer\",\"description\":\"Rechtswissenschafter\",\"publisher\":{\"@id\":\"https:\\\/\\\/www.joachimpierer.at\\\/en\\\/#\\\/schema\\\/person\\\/aff0bbdc07b371277dd73ed4fa2106d3\"},\"potentialAction\":[{\"@type\":\"SearchAction\",\"target\":{\"@type\":\"EntryPoint\",\"urlTemplate\":\"https:\\\/\\\/www.joachimpierer.at\\\/en\\\/?s={search_term_string}\"},\"query-input\":{\"@type\":\"PropertyValueSpecification\",\"valueRequired\":true,\"valueName\":\"search_term_string\"}}],\"inLanguage\":\"en-US\"},{\"@type\":[\"Person\",\"Organization\"],\"@id\":\"https:\\\/\\\/www.joachimpierer.at\\\/en\\\/#\\\/schema\\\/person\\\/aff0bbdc07b371277dd73ed4fa2106d3\",\"name\":\"Joachim Pierer\",\"image\":{\"@type\":\"ImageObject\",\"inLanguage\":\"en-US\",\"@id\":\"https:\\\/\\\/secure.gravatar.com\\\/avatar\\\/6b8d9befe3a7876f0e95db224424aac2e5e2184b3325e94e8cbbc30d0506d63b?s=96&d=mm&r=g\",\"url\":\"https:\\\/\\\/secure.gravatar.com\\\/avatar\\\/6b8d9befe3a7876f0e95db224424aac2e5e2184b3325e94e8cbbc30d0506d63b?s=96&d=mm&r=g\",\"contentUrl\":\"https:\\\/\\\/secure.gravatar.com\\\/avatar\\\/6b8d9befe3a7876f0e95db224424aac2e5e2184b3325e94e8cbbc30d0506d63b?s=96&d=mm&r=g\",\"caption\":\"Joachim Pierer\"},\"logo\":{\"@id\":\"https:\\\/\\\/secure.gravatar.com\\\/avatar\\\/6b8d9befe3a7876f0e95db224424aac2e5e2184b3325e94e8cbbc30d0506d63b?s=96&d=mm&r=g\"}}]}<\/script>\n<!-- \/ Yoast SEO plugin. -->","yoast_head_json":{"title":"Datenschutzerkl\u00e4rung - Joachim Pierer","robots":{"index":"index","follow":"follow","max-snippet":"max-snippet:-1","max-image-preview":"max-image-preview:large","max-video-preview":"max-video-preview:-1"},"canonical":"https:\/\/www.joachimpierer.at\/en\/datenschutzerklaerung\/","og_locale":"en_US","og_type":"article","og_title":"Datenschutzerkl\u00e4rung - Joachim Pierer","og_url":"https:\/\/www.joachimpierer.at\/en\/datenschutzerklaerung\/","og_site_name":"Joachim Pierer","article_modified_time":"2019-09-10T11:38:23+00:00","twitter_card":"summary_large_image","twitter_misc":{"Est. reading time":"6 minutes"},"schema":{"@context":"https:\/\/schema.org","@graph":[{"@type":"WebPage","@id":"https:\/\/www.joachimpierer.at\/en\/datenschutzerklaerung\/","url":"https:\/\/www.joachimpierer.at\/en\/datenschutzerklaerung\/","name":"Datenschutzerkl\u00e4rung - Joachim Pierer","isPartOf":{"@id":"https:\/\/www.joachimpierer.at\/en\/#website"},"datePublished":"2019-09-02T09:30:42+00:00","dateModified":"2019-09-10T11:38:23+00:00","breadcrumb":{"@id":"https:\/\/www.joachimpierer.at\/en\/datenschutzerklaerung\/#breadcrumb"},"inLanguage":"en-US","potentialAction":[{"@type":"ReadAction","target":["https:\/\/www.joachimpierer.at\/en\/datenschutzerklaerung\/"]}]},{"@type":"BreadcrumbList","@id":"https:\/\/www.joachimpierer.at\/en\/datenschutzerklaerung\/#breadcrumb","itemListElement":[{"@type":"ListItem","position":1,"name":"Startseite","item":"https:\/\/www.joachimpierer.at\/en\/"},{"@type":"ListItem","position":2,"name":"Datenschutzerkl\u00e4rung"}]},{"@type":"WebSite","@id":"https:\/\/www.joachimpierer.at\/en\/#website","url":"https:\/\/www.joachimpierer.at\/en\/","name":"Joachim Pierer","description":"Rechtswissenschafter","publisher":{"@id":"https:\/\/www.joachimpierer.at\/en\/#\/schema\/person\/aff0bbdc07b371277dd73ed4fa2106d3"},"potentialAction":[{"@type":"SearchAction","target":{"@type":"EntryPoint","urlTemplate":"https:\/\/www.joachimpierer.at\/en\/?s={search_term_string}"},"query-input":{"@type":"PropertyValueSpecification","valueRequired":true,"valueName":"search_term_string"}}],"inLanguage":"en-US"},{"@type":["Person","Organization"],"@id":"https:\/\/www.joachimpierer.at\/en\/#\/schema\/person\/aff0bbdc07b371277dd73ed4fa2106d3","name":"Joachim Pierer","image":{"@type":"ImageObject","inLanguage":"en-US","@id":"https:\/\/secure.gravatar.com\/avatar\/6b8d9befe3a7876f0e95db224424aac2e5e2184b3325e94e8cbbc30d0506d63b?s=96&d=mm&r=g","url":"https:\/\/secure.gravatar.com\/avatar\/6b8d9befe3a7876f0e95db224424aac2e5e2184b3325e94e8cbbc30d0506d63b?s=96&d=mm&r=g","contentUrl":"https:\/\/secure.gravatar.com\/avatar\/6b8d9befe3a7876f0e95db224424aac2e5e2184b3325e94e8cbbc30d0506d63b?s=96&d=mm&r=g","caption":"Joachim Pierer"},"logo":{"@id":"https:\/\/secure.gravatar.com\/avatar\/6b8d9befe3a7876f0e95db224424aac2e5e2184b3325e94e8cbbc30d0506d63b?s=96&d=mm&r=g"}}]}},"_links":{"self":[{"href":"https:\/\/www.joachimpierer.at\/en\/wp-json\/wp\/v2\/pages\/230","targetHints":{"allow":["GET"]}}],"collection":[{"href":"https:\/\/www.joachimpierer.at\/en\/wp-json\/wp\/v2\/pages"}],"about":[{"href":"https:\/\/www.joachimpierer.at\/en\/wp-json\/wp\/v2\/types\/page"}],"author":[{"embeddable":true,"href":"https:\/\/www.joachimpierer.at\/en\/wp-json\/wp\/v2\/users\/1"}],"replies":[{"embeddable":true,"href":"https:\/\/www.joachimpierer.at\/en\/wp-json\/wp\/v2\/comments?post=230"}],"version-history":[{"count":2,"href":"https:\/\/www.joachimpierer.at\/en\/wp-json\/wp\/v2\/pages\/230\/revisions"}],"predecessor-version":[{"id":298,"href":"https:\/\/www.joachimpierer.at\/en\/wp-json\/wp\/v2\/pages\/230\/revisions\/298"}],"wp:attachment":[{"href":"https:\/\/www.joachimpierer.at\/en\/wp-json\/wp\/v2\/media?parent=230"}],"curies":[{"name":"wp","href":"https:\/\/api.w.org\/{rel}","templated":true}]}}